{"id":1757,"date":"2023-10-13T15:37:23","date_gmt":"2023-10-13T13:37:23","guid":{"rendered":"https:\/\/farapleszew.pl\/?page_id=1757"},"modified":"2023-10-13T15:48:57","modified_gmt":"2023-10-13T13:48:57","slug":"sakramenty-3-2","status":"publish","type":"page","link":"https:\/\/farapleszew.pl\/?page_id=1757","title":{"rendered":"Polityka prywatno\u015bci"},"content":{"rendered":"\n<div class=\"wp-block-stackable-columns alignfull stk-block-columns stk-block stk-51b2b12 stk-block-background stk--has-background-overlay\" data-block-id=\"51b2b12\"><style>.stk-51b2b12 .stk--block-align-51b2b12{align-items:center !important}.stk-51b2b12{background-image:url(https:\/\/farapleszew.pl\/wp-content\/uploads\/2023\/10\/PLESZEW_PARAFIA-69.jpg) !important;background-attachment:fixed !important;background-position:bottom center !important;background-repeat:no-repeat !important;background-size:cover !important;padding-top:300px !important;padding-bottom:200px !important;margin-bottom:0px !important}.stk-51b2b12:before{background-color:#000000 !important;opacity:0.6 !important}.stk-51b2b12-column{--stk-column-gap:35px !important;row-gap:35px !important}@media screen and (max-width:999px){.stk-51b2b12{padding-top:250px !important;padding-bottom:150px !important}}@media screen and (max-width:689px){.stk-51b2b12{padding-top:150px !important;padding-bottom:100px !important}}<\/style><div class=\"stk-row stk-inner-blocks stk--block-align-51b2b12 stk-block-content stk-content-align stk-51b2b12-column\">\n<div class=\"wp-block-stackable-column stk-block-column stk-column stk-block stk-3a43e6b\" data-v=\"4\" data-block-id=\"3a43e6b\"><style>.stk-3a43e6b-container{margin-top:0px !important;margin-right:0px !important;margin-bottom:0px !important;margin-left:0px !important}<\/style><div class=\"stk-column-wrapper stk-block-column__content stk-container stk-3a43e6b-container stk--no-background stk--no-padding\"><div class=\"has-text-align-center-mobile stk-block-content stk-inner-blocks stk-3a43e6b-inner-blocks\">\n<div class=\"wp-block-stackable-heading stk-block-heading stk-block-heading--v2 stk-block stk-7225c59\" id=\"polityka-prywatnosci\" data-block-id=\"7225c59\"><style>.stk-7225c59{margin-bottom:10px !important}.stk-7225c59 .stk-block-heading__text{font-size:45px !important;color:var(--theme-palette-color-8,#ffffff) !important;line-height:1.3em !important;font-weight:800 !important}@media screen and (max-width:999px){.stk-7225c59 .stk-block-heading__text{font-size:40px !important}}@media screen and (max-width:689px){.stk-7225c59 .stk-block-heading__text{font-size:30px !important}}<\/style><h2 class=\"stk-block-heading__text has-text-color\">Polityka prywatno\u015bci<\/h2><\/div>\n<\/div><\/div><\/div>\n<\/div><\/div>\n\n\n\n<div style=\"height:100px\" aria-hidden=\"true\" class=\"wp-block-spacer\"><\/div>\n\n\n\n<p>Pa\u0144stwa dane osobowe s\u0105 przetwarzane przez Parafi\u0119 Rzymskokatolick\u0105 pw. \u015aci\u0119cia \u015bw. Jana Chrzciciela w Pleszewie zgodnie z&nbsp;przepisami prawa o&nbsp;ochronie danych osobowych&nbsp;\u2014 ko\u015bcielnymi i&nbsp;cywilnymi, jak r\u00f3wnie\u017c zgodnie z&nbsp;prawem prasowym czy autorskim. Dane przetwarzane s\u0105 w&nbsp;zwi\u0105zku z&nbsp;dzia\u0142alno\u015bci\u0105 Parafii, a&nbsp;wynika to z&nbsp;zada\u0144 w\u0142asnych Ko\u015bcio\u0142a Katolickiego.<\/p>\n\n\n\n<p>Strona parafialna <a href=\"https:\/\/farapleszew.pl\/\">https:\/\/farapleszew.pl\/<\/a> mo\u017ce inspirowa\u0107 do podania przez Pa\u0144stwa danych osobowych. Tak\u017ce dla poprawnego dzia\u0142ania serwis internetowy mo\u017ce wymaga\u0107 automatycznego przetwarzania Pa\u0144stwa danych. Na portalu opublikowane s\u0105 dane o&nbsp;osobach, w\u015br\u00f3d kt\u00f3rych mogli znale\u017a\u0107 si\u0119 r\u00f3wnie\u017c Pa\u0144stwo. Poni\u017cej zosta\u0142y przedstawione informacje, na jakich zasadach przetwarzamy dane osobowe w&nbsp;poszczeg\u00f3lnych przypadkach.<\/p>\n\n\n\n<p><strong>Administrator danych osobowych<\/strong><\/p>\n\n\n\n<p>Administratorem danych osobowych zbieranych w&nbsp;zwi\u0105zku z&nbsp;publikacjami na stronie <a href=\"https:\/\/farapleszew.pl\/\">farapleszew.pl<\/a>&nbsp;jest Parafia Rzymskokatolicka pw. \u015aci\u0119cia \u015bw. Jana Chrzciciela w Pleszewie.&nbsp;<\/p>\n\n\n\n<p>Dane do kontaktu:<br><br>Parafia Rzymskokatolicka pw. \u015aci\u0119cia \u015bw. Jana Chrzciciela<br>plac Ko\u015bcielny 5<br>63-300 Pleszew<br>tel. 691 842 812 &nbsp;<br>e-mail: farapleszew@gmail.com<\/p>\n\n\n\n<p><strong>Zapytania i&nbsp;wnioski&nbsp;<\/strong><\/p>\n\n\n\n<p>Je\u017celi podane informacje nie s\u0105 wystarczaj\u0105ce, zach\u0119camy do kontaktu z&nbsp;inspektorem ochrony danych przed z\u0142o\u017ceniem wniosku lub skargi. Do\u0142o\u017cymy wszelkich stara\u0144 by wyja\u015bni\u0107 ka\u017cd\u0105 spraw\u0119.<\/p>\n\n\n\n<p><strong>Prawa osoby, kt\u00f3rej dane dotycz\u0105<\/strong><\/p>\n\n\n\n<p>Maj\u0105 Pa\u0144stwo prawo do \u017c\u0105dania od administratora informacji o&nbsp;przetwarzaniu Pa\u0144stwa danych osobowych, dost\u0119pu do swoich danych osobowych, ich sprostowania, usuni\u0119cia lub ograniczenia przetwarzania, a&nbsp;tak\u017ce prawo sprzeciwu wobec przetwarzania danych na podstawie prawnie uzasadnionego interesu administratora. Ponadto maj\u0105 Pa\u0144stwo prawo wniesienia skargi do organu nadzorczego \u2014&nbsp;Ko\u015bcielnego Inspektora Ochrony Danych (Skwer kard. Stefana Wyszy\u0144skiego 6, 01-015 Warszawa), a&nbsp;w&nbsp;niekt\u00f3rych przypadkach do Prezesa Urz\u0119du Ochrony Danych Osobowych (ul. Stawki 2, 00-193 Warszawa).<\/p>\n\n\n\n<p><strong>Zasady przetwarzania poszczeg\u00f3lnych danych osobowych<\/strong><\/p>\n\n\n\n<p>Opis przetwarzania danych osobowych w&nbsp;zwi\u0105zku z:<\/p>\n\n\n\n<ol class=\"wp-block-list\">\n<li>wzajemnymi kontaktami w&nbsp;nawi\u0105zanej wsp\u00f3\u0142pracy,<\/li>\n\n\n\n<li>sk\u0142adaniem poda\u0144 o&nbsp;prac\u0119,<\/li>\n\n\n\n<li>monitoringiem wizyjnym,<\/li>\n\n\n\n<li>kontaktem i&nbsp;kierowanymi przez Pa\u0144stwa zapytaniami,<\/li>\n\n\n\n<li>uczestnictwem w&nbsp;wydarzeniach organizowanych przez Parafi\u0119,<\/li>\n\n\n\n<li>automatycznym przetwarzaniem danych przy u\u017cyciu strony internetowej.<\/li>\n<\/ol>\n\n\n\n<p><strong>1)&nbsp;Wzajemne kontakty w&nbsp;nawi\u0105zanej wsp\u00f3\u0142pracy<\/strong><\/p>\n\n\n\n<p>Zawi\u0105zuj\u0105c wsp\u00f3\u0142prac\u0119 mo\u017cemy zbiera\u0107 dane niezb\u0119dne do zawarcia umowy oraz dane kontaktowe do Pa\u0144stwa jako przedstawicieli naszych partner\u00f3w. Podstaw\u0105 przetwarzania tych danych jest umowa (art. 7&nbsp;ust. 1&nbsp;pkt 2&nbsp;Dekretu og\u00f3lnego w&nbsp;sprawie ochrony os\u00f3b fizycznych w&nbsp;zwi\u0105zku z&nbsp;przetwarzaniem danych osobowych w&nbsp;Ko\u015bciele katolickim lub odpowiednio art. 6&nbsp;ust. 1&nbsp;lit. b&nbsp;RODO), a&nbsp;je\u015bli nie d\u0105\u017cymy do zawarcia umowy, podstaw\u0105 jest nasz prawnie uzasadniony interes (art. 7&nbsp;ust. 1&nbsp;pkt 6&nbsp;Dekretu\u2026 lub odpowiednio art. 6&nbsp;ust. 1&nbsp;lit. f&nbsp;RODO), polegaj\u0105cy na efektywnym komunikowaniu si\u0119 z&nbsp;naszymi partnerami.<\/p>\n\n\n\n<p>Odbiorcami danych s\u0105: 1) dostawca us\u0142ugi poczty elektronicznej w&nbsp;sytuacji komunikowania si\u0119 t\u0105 drog\u0105, 2) podmioty obs\u0142uguj\u0105ce i&nbsp;serwisuj\u0105ce nasze systemy informatyczne, 3) podmioty \u015bwiadcz\u0105ce us\u0142ugi pocztowe i&nbsp;kurierskie, 4) podmioty \u015bwiadcz\u0105ce us\u0142ugi ksi\u0119gowe oraz 5) podmioty \u015bwiadcz\u0105ce us\u0142ugi prawne.<\/p>\n\n\n\n<p>Pa\u0144stwa dane b\u0119d\u0105 przechowywane do momentu wykonania umowy lub zako\u0144czenia wsp\u00f3\u0142pracy. Pa\u0144stwa dane mo\u017cemy zachowa\u0107 bezterminowo, je\u015bli stwierdzimy, \u017ce chcieliby\u015bmy skontaktowa\u0107 si\u0119 z&nbsp;Pa\u0144stwem w&nbsp;przysz\u0142o\u015bci. Mo\u017cemy to zrobi\u0107 zgodnie z&nbsp;naszym prawnie uzasadnionym interesem polegaj\u0105cym na docieraniu z&nbsp;ofert\u0105 wsp\u00f3\u0142pracy do wybranych os\u00f3b (w tym ze wzgl\u0119du na wcze\u015bniejsze kontakty). Je\u015bli chcieliby Pa\u0144stwo by\u015bmy mimo wszystko usun\u0119li Pa\u0144stwa dane, prosimy o&nbsp;wyra\u017cenie w&nbsp;tej sprawie sprzeciwu.<\/p>\n\n\n\n<p><strong>2)&nbsp;Podania o&nbsp;prac\u0119<\/strong><\/p>\n\n\n\n<p>Informujemy, \u017ce nie zbieramy i&nbsp;nie przechowujemy danych osobowych poza prowadzonymi przez nas rekrutacjami. \u2014&nbsp;Wyj\u0105tkiem s\u0105 sytuacje, gdy sami o&nbsp;to Pa\u0144stwa poprosimy. W&nbsp;zwi\u0105zku z&nbsp;tym nie odpowiadamy na przes\u0142ane listy oraz niezw\u0142ocznie niszczymy sk\u0142adane poza rekrutacjami listy motywacyjne, CV i&nbsp;inne dokumenty. Tego rodzaju podania traktujemy jak zwyk\u0142y kontakt opisany w&nbsp;punkcie 4.<\/p>\n\n\n\n<p><strong>3)&nbsp;Monitoring wizyjny<\/strong><\/p>\n\n\n\n<p>Wok\u00f3\u0142 budynk\u00f3w zajmowanych przez Parafi\u0119 jest zainstalowany system monitoringu, kt\u00f3ry rejestruje wizerunek, inne cechy charakterystyczne, a&nbsp;tak\u017ce czas przebywania w&nbsp;obszarze monitorowanym.<\/p>\n\n\n\n<p>Dane z&nbsp;monitoringu przetwarzamy w&nbsp;celu zapewnienia bezpiecze\u0144stwa os\u00f3b i&nbsp;mienia, co stanowi nasz prawnie uzasadniony interes (art. 6&nbsp;ust. 1&nbsp;lit. f&nbsp;RODO).<\/p>\n\n\n\n<p>Odbiorcami danych s\u0105: 1) podmioty serwisuj\u0105ce system monitoringu, 2) osoby, kt\u00f3re maj\u0105 interes w&nbsp;uzyskaniu danych (np. poszkodowani w&nbsp;wyniku zdarzenia maj\u0105cego miejsce w&nbsp;budynku archiwum).<\/p>\n\n\n\n<p>Pa\u0144stwa dane przetwarzamy przez 30 dni od zarejestrowania obrazu.<\/p>\n\n\n\n<p><strong>4)&nbsp;Kontakt i&nbsp;przyjmowanie zapyta\u0144<\/strong><\/p>\n\n\n\n<p>Na stronie internetowej podane s\u0105 informacje o&nbsp;sposobach kontaktu. Je\u017celi zdecyduj\u0105 si\u0119 Pa\u0144stwo korzysta\u0107 w&nbsp;tym celu z&nbsp;poczty tradycyjnej lub elektronicznej, administrator b\u0119dzie przetwarza\u0142 podane przez Pa\u0144stwa dane osobowe. W&nbsp;takim przypadku administrator b\u0119dzie przetwarza\u0142 Pa\u0144stwa dane wy\u0142\u0105cznie w&nbsp;celu udzielenia odpowiedzi na skierowane pismo. Podstaw\u0105 przetwarzania danych b\u0119dzie realizacja prawnie uzasadnionych interes\u00f3w w&nbsp;postaci komunikacji&nbsp;z&nbsp;osobami kieruj\u0105cymi korespondencj\u0119 przy u\u017cyciu poczty elektronicznej (art. 7&nbsp;ust. 1&nbsp;pkt 6&nbsp;Dekretu og\u00f3lnego w&nbsp;sprawie ochrony os\u00f3b fizycznych w&nbsp;zwi\u0105zku z&nbsp;przetwarzaniem danych osobowych w&nbsp;Ko\u015bciele katolickim lub odpowiednio art. 6&nbsp;ust. 1&nbsp;lit. f&nbsp;RODO). Je\u015bli wynikn\u0105 z&nbsp;tego inne potrzeby w&nbsp;zakresie przetwarzania danych, to zostan\u0105 Pa\u0144stwo o&nbsp;tym powiadomieni.<\/p>\n\n\n\n<p>W tym przypadku odbiorc\u0105 danych mog\u0105 by\u0107: 1)&nbsp;podmioty \u015bwiadcz\u0105ce us\u0142ug\u0119 dostarczania i&nbsp;utrzymania poczty elektronicznej, 2)&nbsp;podmioty \u015bwiadcz\u0105ce us\u0142ugi pocztowe oraz 3)&nbsp;podmioty \u015bwiadcz\u0105ce us\u0142ugi prawne.<\/p>\n\n\n\n<p>Dane b\u0119d\u0105 przetwarzane do czasu udzielenia informacji i&nbsp;za\u0142atwienia sprawy, a&nbsp;p\u00f3\u017aniej \u2014&nbsp;w&nbsp;wybranych przypadkach \u2014&nbsp;mog\u0105 by\u0107 zarchiwizowane.<\/p>\n\n\n\n<p><strong>5)&nbsp;Wydarzenia organizowane przez Parafi\u0119<\/strong><\/p>\n\n\n\n<p>W trakcie organizowanych wydarze\u0144 mo\u017cemy wykonywa\u0107 zdj\u0119cia lub nagrywa\u0107 filmy, kt\u00f3re s\u0142u\u017cy\u0107 b\u0119d\u0105 udokumentowaniu wydarzenia i&nbsp;zrelacjonowaniu jego przebiegu. Uczestnictwo w&nbsp;wydarzeniu traktowane b\u0119dzie jako zgoda lub brak sprzeciwu wobec rejestracji. W&nbsp;przypadku wydarze\u0144 o&nbsp;charakterze publicznym nie zbieramy danych osobowych przypadkowych uczestnik\u00f3w wydarze\u0144, a&nbsp;powy\u017csze dzia\u0142ania podejmujemy na podstawie prawa prasowego i&nbsp;autorskiego.<\/p>\n\n\n\n<p>Uczestnictwo w&nbsp;wydarzeniu ma charakter zgody na powy\u017csze dzia\u0142ania. Na jej podstawie relacjonujemy wydarzenia na naszych stronach internetowych oraz w&nbsp;innych publikacjach. Je\u017celi nie \u017cycz\u0105 sobie Pa\u0144stwo, by Pa\u0144stwa wizerunek znajdowa\u0142 si\u0119 na naszej stornie, prosimy o&nbsp;zg\u0142oszenie nam tego, a&nbsp;my usuniemy wskazan\u0105 publikacj\u0119.<\/p>\n\n\n\n<p>W przypadku wydarze\u0144 o&nbsp;charakterze zamkni\u0119tym mo\u017cemy dodatkowo zbiera\u0107 dane osobowe w&nbsp;postaci wizerunku po\u0142\u0105czonego z&nbsp;innymi danymi. Mo\u017cemy te\u017c tworzy\u0107 i&nbsp;pos\u0142ugiwa\u0107 si\u0119 listami go\u015bci. Je\u017celi sprzeciwiaj\u0105 si\u0119 Pa\u0144stwo powy\u017cszemu, to prosimy o&nbsp;rezygnacj\u0119 z&nbsp;uczestnictwa w&nbsp;wydarzeniu.<\/p>\n\n\n\n<p>Pa\u0144stwa dane osobowe b\u0119d\u0105 r\u00f3wnie\u017c przetwarzane w&nbsp;celu udokumentowania wydarzenia i&nbsp;ewentualnie zrelacjonowania jego przebiegu na naszych stronach internetowych. Podstaw\u0105 zbierania dokumentacji, tak samo jak zbierania listy obecno\u015bci, jest nasz prawnie uzasadniony interes (art. 7&nbsp;ust. 1&nbsp;pkt 6&nbsp;Dekretu og\u00f3lnego w&nbsp;sprawie ochrony os\u00f3b fizycznych w&nbsp;zwi\u0105zku z&nbsp;przetwarzaniem danych osobowych w&nbsp;Ko\u015bciele katolickim lub odpowiednio art. 6&nbsp;ust. 1&nbsp;lit. f&nbsp;RODO), kt\u00f3ry polega na ustaleniu to\u017csamo\u015bci os\u00f3b korzystaj\u0105cych z&nbsp;naszej oferty i&nbsp;kontroli wej\u015b\u0107 na zamkni\u0119te wydarzenia.<\/p>\n\n\n\n<p>Podstaw\u0105 dla ewentualnej publikacji na stronach internetowych jest Pa\u0144stwa zgoda (art. 7&nbsp;ust. 1&nbsp;pkt 1&nbsp;Dekretu og\u00f3lnego w&nbsp;sprawie ochrony os\u00f3b fizycznych w&nbsp;zwi\u0105zku z&nbsp;przetwarzaniem danych osobowych w&nbsp;Ko\u015bciele katolickim lub odpowiednio art. 6&nbsp;ust. 1&nbsp;lit. a&nbsp;RODO), kt\u00f3ra mo\u017ce zosta\u0107 odwo\u0142ana w&nbsp;dowolnym czasie.<\/p>\n\n\n\n<p>Odbiorcami danych s\u0105: 1) dostawca us\u0142ugi poczty elektronicznej i&nbsp;hostingu oraz 2) podmioty serwisuj\u0105ce systemy informatyczne administratora. W&nbsp;przypadku publikacji na stronie internetowej s\u0105 nimi r\u00f3wnie\u017c wszyscy u\u017cytkownicy naszych stron.<\/p>\n\n\n\n<p><strong>6)&nbsp;Automatyczne przetwarzanie danych przy u\u017cyciu strony internetowej<\/strong><\/p>\n\n\n\n<p>Przetwarzamy dane osobowe w&nbsp;celu poprawnego uruchamiania funkcjonalno\u015bci strony oraz prowadzenia anonimowej statystyki.&nbsp;<\/p>\n\n\n\n<p>Podstaw\u0105 przetwarzania danych jest prawnie uzasadniony interes polegaj\u0105cy na komunikowaniu si\u0119 za pomoc\u0105 optymalnie przygotowanej strony internetowej (art. 6&nbsp;ust. 1&nbsp;lit. f&nbsp;RODO). W&nbsp;szczeg\u00f3lnych przypadkach \u2014&nbsp;po poinformowaniu o&nbsp;takiej zmianie \u2014&nbsp;mo\u017cemy przetwarza\u0107 Pa\u0144stwa dane na innej podstawie.<\/p>\n\n\n\n<p>Je\u017celi nie wyra\u017caj\u0105 Pa\u0144stwo zgody na przetwarzanie Pa\u0144stwa danych osobowych, powinni Pa\u0144stwo zrezygnowa\u0107 z&nbsp;subskrypcji umieszczanych przez Parafi\u0119 tre\u015bci i&nbsp;nie wchodzi\u0107 z&nbsp;nimi w&nbsp;interakcj\u0119. W&nbsp;ten spos\u00f3b zgoda mo\u017ce by\u0107 cofni\u0119ta w&nbsp;ka\u017cdym czasie. Nie ma to jednak wp\u0142ywu na przetwarzanie danych do momentu wycofania zgody.<\/p>\n\n\n\n<p>W&nbsp;ka\u017cdym przypadku odbiorc\u0105 danych jest serwis, z&nbsp;kt\u00f3rego Pa\u0144stwo korzystaj\u0105. Dane b\u0119d\u0105 przechowywyane tak d\u0142ugo, jak d\u0142ugo nie cofn\u0105 Pa\u0144stwo swojej zgody na ich przetwarzanie. Mog\u0105 to Pa\u0144stwo zrobi\u0107 poprzez rezygnacj\u0119 z&nbsp;subskrypcji umieszczanych przez Parafi\u0119 tre\u015bci i&nbsp;z&nbsp;wchodzenia z&nbsp;nimi w&nbsp;interakcj\u0119. Mog\u0105 Pa\u0144stwo wykorzysta\u0107 te\u017c dost\u0119pne w&nbsp;poszczeg\u00f3lnych serwisach narz\u0119dzia. Nale\u017cy pami\u0119ta\u0107, \u017ce dane mog\u0105 by\u0107 przetwarzane przez administrator\u00f3w serwis\u00f3w niezale\u017cnie od naszych decyzji, na zasadach opisanych w&nbsp;regulaminach tych serwis\u00f3w.<\/p>\n\n\n\n<div style=\"height:100px\" aria-hidden=\"true\" class=\"wp-block-spacer\"><\/div>\n","protected":false},"excerpt":{"rendered":"<p>Polityka prywatno\u015bci Pa\u0144stwa dane osobowe s\u0105 przetwarzane przez Parafi\u0119 Rzymskokatolick\u0105 pw. \u015aci\u0119cia \u015bw. Jana Chrzciciela w Pleszewie zgodnie z&nbsp;przepisami prawa o&nbsp;ochronie danych osobowych&nbsp;\u2014 ko\u015bcielnymi i&nbsp;cywilnymi, jak r\u00f3wnie\u017c zgodnie z&nbsp;prawem prasowym czy autorskim. Dane przetwarzane s\u0105 w&nbsp;zwi\u0105zku z&nbsp;dzia\u0142alno\u015bci\u0105 Parafii, a&nbsp;wynika to z&nbsp;zada\u0144 w\u0142asnych Ko\u015bcio\u0142a Katolickiego. Strona parafialna https:\/\/farapleszew.pl\/ mo\u017ce inspirowa\u0107 do podania przez Pa\u0144stwa danych osobowych. [&hellip;]<\/p>\n","protected":false},"author":2,"featured_media":0,"parent":0,"menu_order":0,"comment_status":"closed","ping_status":"closed","template":"","meta":{"footnotes":""},"class_list":["post-1757","page","type-page","status-publish","hentry"],"blocksy_meta":{"has_hero_section":"disabled","vertical_spacing_source":"custom","content_area_spacing":"none"},"_links":{"self":[{"href":"https:\/\/farapleszew.pl\/index.php?rest_route=\/wp\/v2\/pages\/1757","targetHints":{"allow":["GET"]}}],"collection":[{"href":"https:\/\/farapleszew.pl\/index.php?rest_route=\/wp\/v2\/pages"}],"about":[{"href":"https:\/\/farapleszew.pl\/index.php?rest_route=\/wp\/v2\/types\/page"}],"author":[{"embeddable":true,"href":"https:\/\/farapleszew.pl\/index.php?rest_route=\/wp\/v2\/users\/2"}],"replies":[{"embeddable":true,"href":"https:\/\/farapleszew.pl\/index.php?rest_route=%2Fwp%2Fv2%2Fcomments&post=1757"}],"version-history":[{"count":3,"href":"https:\/\/farapleszew.pl\/index.php?rest_route=\/wp\/v2\/pages\/1757\/revisions"}],"predecessor-version":[{"id":1770,"href":"https:\/\/farapleszew.pl\/index.php?rest_route=\/wp\/v2\/pages\/1757\/revisions\/1770"}],"wp:attachment":[{"href":"https:\/\/farapleszew.pl\/index.php?rest_route=%2Fwp%2Fv2%2Fmedia&parent=1757"}],"curies":[{"name":"wp","href":"https:\/\/api.w.org\/{rel}","templated":true}]}}