{"id":1222,"date":"2023-09-30T16:23:01","date_gmt":"2023-09-30T14:23:01","guid":{"rendered":"http:\/\/localhost\/fara-pleszew\/?page_id=1222"},"modified":"2023-10-09T22:03:51","modified_gmt":"2023-10-09T20:03:51","slug":"historia","status":"publish","type":"page","link":"https:\/\/farapleszew.pl\/?page_id=1222","title":{"rendered":"Historia"},"content":{"rendered":"\n<div class=\"wp-block-stackable-columns alignfull stk-block-columns stk-block stk-51b2b12 stk-block-background stk--has-background-overlay\" data-block-id=\"51b2b12\"><style>.stk-51b2b12 .stk--block-align-51b2b12{align-items:center !important}.stk-51b2b12{background-image:url(https:\/\/farapleszew.pl\/wp-content\/uploads\/2023\/10\/PLESZEW_PARAFIA-81.jpg) !important;background-attachment:fixed !important;background-position:bottom center !important;background-repeat:no-repeat !important;background-size:cover !important;padding-top:300px !important;padding-bottom:200px !important;margin-bottom:0px !important}.stk-51b2b12:before{background-color:#000000 !important;opacity:0.6 !important}.stk-51b2b12-column{--stk-column-gap:35px !important;row-gap:35px !important}@media screen and (max-width:999px){.stk-51b2b12{padding-top:250px !important;padding-bottom:150px !important}}@media screen and (max-width:689px){.stk-51b2b12{padding-top:150px !important;padding-bottom:100px !important}}<\/style><div class=\"stk-row stk-inner-blocks stk--block-align-51b2b12 stk-block-content stk-content-align stk-51b2b12-column\">\n<div class=\"wp-block-stackable-column stk-block-column stk-column stk-block stk-3a43e6b\" data-v=\"4\" data-block-id=\"3a43e6b\"><style>.stk-3a43e6b-container{margin-top:0px !important;margin-right:0px !important;margin-bottom:0px !important;margin-left:0px !important}<\/style><div class=\"stk-column-wrapper stk-block-column__content stk-container stk-3a43e6b-container stk--no-background stk--no-padding\"><div class=\"has-text-align-center-mobile stk-block-content stk-inner-blocks stk-3a43e6b-inner-blocks\">\n<div class=\"wp-block-stackable-text stk-block-text stk-block stk-3bad419\" data-block-id=\"3bad419\"><style>.stk-3bad419{margin-bottom:8px !important}.stk-3bad419 .stk-block-text__text{color:var(--theme-palette-color-8,#ffffff) !important;font-weight:bold !important}<\/style><p class=\"stk-block-text__text has-text-color\"><strong>Dzieje najstarszej parafii w Pleszewie<\/strong><\/p><\/div>\n\n\n\n<div class=\"wp-block-stackable-heading stk-block-heading stk-block-heading--v2 stk-block stk-7225c59\" id=\"historia\" data-block-id=\"7225c59\"><style>.stk-7225c59{margin-bottom:10px !important}.stk-7225c59 .stk-block-heading__text{font-size:45px !important;color:var(--theme-palette-color-8,#ffffff) !important;line-height:1.3em !important;font-weight:800 !important}@media screen and (max-width:999px){.stk-7225c59 .stk-block-heading__text{font-size:40px !important}}@media screen and (max-width:689px){.stk-7225c59 .stk-block-heading__text{font-size:30px !important}}<\/style><h2 class=\"stk-block-heading__text has-text-color\">Historia<\/h2><\/div>\n\n\n\n<div class=\"wp-block-stackable-text stk-block-text stk-block stk-81505a5\" data-block-id=\"81505a5\"><style>.stk-81505a5 .stk-block-text__text{color:var(--theme-palette-color-8,#ffffff) !important}<\/style><p class=\"stk-block-text__text has-text-color\">Historia i opis ko\u015bcio\u0142a parafialnego<\/p><\/div>\n<\/div><\/div><\/div>\n<\/div><\/div>\n\n\n\n<h2 class=\"wp-block-heading\">Historia<\/h2>\n\n\n\n<p>Pleszew wzmiankowany w&nbsp;1283&nbsp;r. jako miasto szlacheckie, powsta\u0142 przy wa\u017cnym trakcie z&nbsp;Poznania do Kalisza. Rezydencj\u0105 dla w\u0142a\u015bcicieli miasta by\u0142o s\u0105siednie Malinie. Pierwszy ko\u015bci\u00f3\u0142 powsta\u0142 prawdopodobnie razem z&nbsp;miastem. Pleszew nale\u017ca\u0142 do miasta \u015bredniej wielko\u015bci, gdy\u017c na wypraw\u0119 malborsk\u0105 w&nbsp;1458&nbsp;r. wystawi\u0142&nbsp;12 \u017co\u0142nierzy. Za Zborowskich w&nbsp;XVI&nbsp;w. osiedli\u0142a si\u0119 w&nbsp;Pleszewie grupa Szkot\u00f3w. W&nbsp;zwi\u0105zku z&nbsp;nap\u0142ywem ze \u015al\u0105ska uchod\u017ac\u00f3w religijnych w&nbsp;1637&nbsp;r. lokowano tzw. Nowe Miasto. W&nbsp;czasie wiosny lud\u00f3w dzia\u0142a\u0142 w&nbsp;pobli\u017cu oddzia\u0142 powsta\u0144czy. W&nbsp;XIX wieku rozwin\u0119\u0142o si\u0119 rzemios\u0142o oraz przemys\u0142 maszynowy, drewniany i&nbsp;spo\u017cywczy. Ko\u015bci\u00f3\u0142 parafialny pw. \u015aci\u0119cia \u015bw. Jana Chrzciciela wzmiankowany by\u0142 w&nbsp;1393&nbsp;r. \u015awi\u0105tynia zniszczona po raz pierwszy przez po\u017car w&nbsp;1606&nbsp;r. W&nbsp;1615&nbsp;r. dziedzic d\u00f3br pleszewskich Adam S\u0119dziw\u00f3j Czarnkowski odda\u0142 ko\u015bci\u00f3\u0142 katolikom, wcze\u015bniej u\u017cytkowany przez kilkadziesi\u0105t lat przez dysydent\u00f3w. Rok&nbsp;1715 przyni\u00f3s\u0142 miastu i&nbsp;ko\u015bcio\u0142owi nast\u0119pne zniszczenie. G\u00f3rna cz\u0119\u015b\u0107 wie\u017cy w&nbsp;trakcie po\u017caru spad\u0142a na naw\u0119 g\u0142\u00f3wn\u0105. W&nbsp;1789&nbsp;r. stan ko\u015bcio\u0142a by\u0142 dobry, jak wspominaj\u0105 akta wizytacyjne. Przy bocznym wej\u015bciu znajdowa\u0142a si\u0119 drewniana kruchta, a&nbsp;zakrystia by\u0142a murowana. W&nbsp;1806&nbsp;r. ko\u015bci\u00f3\u0142 i&nbsp;zabudowania ko\u015bcielne sp\u0142on\u0119\u0142y w&nbsp;trakcie trzeciego po\u017caru. Powsta\u0142 nowy projekt \u015bwi\u0105tyni, ale go nie zrealizowano. Przyst\u0105piono natomiast do odbudowy i&nbsp;restauracji istniej\u0105cego ko\u015bcio\u0142a. Prace przy reparacji mur\u00f3w, dach\u00f3w oraz wie\u017cy uko\u0144czono ok.&nbsp;1822 roku. W&nbsp;1818 roku wybudowano plebani\u0119. W&nbsp;1854&nbsp;r. do korpusu prezbiterium dostawiono now\u0105 zakrysti\u0119. Dopiero w&nbsp;1873&nbsp;r. dobudowano neogotyck\u0105 kaplic\u0119 \u015bw. J\u00f3zefa w&nbsp;miejscu spalonej w&nbsp;1806&nbsp;r. W&nbsp;1909&nbsp;r. mia\u0142 miejsce remont zwie\u0144czenia wie\u017cy ko\u015bcio\u0142a. W&nbsp;l.&nbsp;50. XX&nbsp;w. wykonano nowy wystr\u00f3j \u015bcian i&nbsp;sklepie\u0144. W&nbsp;l.&nbsp;90. XX&nbsp;w. wyremontowano wn\u0119trze oraz odnowiono wyposa\u017cenie ko\u015bcio\u0142a. Na prze\u0142omie XX\/XXI wykonano remont elewacji ko\u015bcio\u0142a oraz dach\u00f3w.<\/p>\n\n\n\n<h2 class=\"wp-block-heading\">Opis<\/h2>\n\n\n\n<p>Pleszew &#8211; miasto, siedziba powiatu i&nbsp;gminy miejsko-wiejskiej, po\u0142o\u017cone jest nad rzek\u0105 Ner, lewym dop\u0142ywem Prosny, oko\u0142o 25&nbsp;km na pn.-zach. od Kalisza. Stanowi wa\u017cny w\u0119ze\u0142 drogowy przy szosie Kalisz-Pozna\u0144 i&nbsp;do Katowic. W&nbsp;mie\u015bcie usytuowana jest stacja kolejki w\u0105skotorowej z&nbsp;Krotoszyna i&nbsp;dworzec kolejowy przy linii z&nbsp;Poznania do Kluczborka. O\u015brodkiem miasta jest czworoboczny rynek o&nbsp;tzw. turbinowym uk\u0142adzie o\u015bmiu ulic, z&nbsp;ratuszem po\u015brodku. Ko\u015bci\u00f3\u0142 parafialny pw. \u015aci\u0119cia \u015bw. Jana Chrzciciela posadowiony zosta\u0142 we wschodnim bloku przyrynkowym. \u015awi\u0105tyni\u0119 otacza dawny cmentarz na rzucie kwadratu, obwiedziony ceglanym parkanem, ograniczony Placem Ko\u015bcielnym od zachodu, ul.&nbsp;Szkoln\u0105 od p\u00f3\u0142nocy i&nbsp;ul. Kili\u0144skiego od wschodu. Od strony po\u0142udniowej cmentarz przyko\u015bcielny graniczy z&nbsp;wysok\u0105 zabudow\u0105 s\u0105siednich posesji. Naprzeciw ko\u015bcio\u0142a, przy ul.&nbsp;Szkolnej usytuowana jest plebania, biuro parafialne i&nbsp;mieszkanie dla wikariuszy. Cmentarz dost\u0119pny jest przez bramy od zachodu i&nbsp;wschodu. Wok\u00f3\u0142 ko\u015bcio\u0142a znajduje si\u0119 ci\u0105g komunikacyjny wy\u0142o\u017cony p\u0142ytami betonowymi. W&nbsp;po\u0142udniowej cz\u0119\u015bci cmentarza znajduje si\u0119 tzw. Grota. Przy obrze\u017cu ogrodzenia ro\u015bnie starodrzew li\u015bciasty oraz ozdobne krzewy.<\/p>\n\n\n\n<p>\u015awi\u0105tynia w&nbsp;najstarszej cz\u0119\u015bci gotycka, orientowana, murowana z&nbsp;kamienia i&nbsp;ceg\u0142y, o&nbsp;\u015bcianach otynkowanych. Bry\u0142a i&nbsp;rzut ko\u015bcio\u0142a rozcz\u0142onowane. Korpus trzynawowy na rzucie prostok\u0105ta, do kt\u00f3rego od zachodu przylega pi\u0119ciokondygnacyjna wie\u017ca, r\u00f3wnie\u017c na rzucie prostok\u0105ta, przez kt\u00f3r\u0105 prowadzi g\u0142\u00f3wne wej\u015bcie do ko\u015bcio\u0142a. Wie\u017ca nakryta niskim he\u0142mem z&nbsp;kul\u0105 i&nbsp;krzy\u017cem. Od strony p\u00f3\u0142nocnej do prezbiterium przylega tzw. stara zakrystia, a&nbsp;od wschodu nowa zakrystia. Korpus nawowy \u0142\u0105czy si\u0119 od po\u0142udnia i&nbsp;p\u00f3\u0142nocy z&nbsp;kaplicami. Dachy dwuspadowe odr\u0119bne nad naw\u0105 i&nbsp;prezbiterium, kryte dach\u00f3wk\u0105, na wie\u017cy i&nbsp;sygnaturce blach\u0105. Elewacje ko\u015bcio\u0142a pokryte tynkiem fakturowym, z&nbsp;detalem w&nbsp;postaci profilowanego gzymsu wie\u0144cz\u0105cego, opasek otwor\u00f3w okiennych i&nbsp;drzwiowych a&nbsp;tak\u017ce gzyms\u00f3w kordonowych i&nbsp;g\u0142owic pilastr\u00f3w w&nbsp;fasadzie. Elewacje wzd\u0142u\u017cne nawy (po\u0142udniowa i&nbsp;p\u00f3\u0142nocna) artyku\u0142owane dwustopniowymi przyporami, z&nbsp;oknami o&nbsp;formie stoj\u0105cego prostok\u0105ta przekrytego \u0142ukiem p\u00f3\u0142kolistym. Fasada zachodnia na naro\u017cach oraz wie\u017ca uj\u0119ta zdwojonymi pilastrami. Otw\u00f3r drzwiowy zwie\u0144czony tr\u00f3jk\u0105tnym przycz\u00f3\u0142kiem. Na elewacji epitafia z&nbsp;piaskowca upami\u0119tniaj\u0105ce poleg\u0142ych w&nbsp;okresie powstania wielkopolskiego, I&nbsp;wojny \u015bwiatowej oraz wojny polsko-radzieckiej. Fasada zwie\u0144czona schodkowo ze \u015bciank\u0105 attykow\u0105, z&nbsp;czterema figurami \u015bwi\u0119tych. Wn\u0119trze przykrywa w&nbsp;nawach sklepienie beczkowe, w&nbsp;kruchcie p\u00f3\u0142nocnej i&nbsp;nad ch\u00f3rem muzycznym &#8211; krzy\u017cowe, gwia\u017adziste z&nbsp;\u017cebrami w&nbsp;po\u0142udniowej kaplicy \u015bw. J\u00f3zefa, w&nbsp;zakrystii &#8211; kolebkowe. Nawa otwarta w&nbsp;stron\u0119 w\u0119\u017cszego prostok\u0105tnego prezbiterium zamkni\u0119tego \u015bcian\u0105 prost\u0105. Kaplice otwarte do nawy arkadowo. Wyposa\u017cenie ko\u015bcio\u0142a w&nbsp;przewa\u017caj\u0105cej mierze klasycystyczne.<\/p>\n\n\n\n<p>oprac. Teresa Palacz, OT NID w&nbsp;Poznaniu, 22-12-2015&nbsp;r. \/ za: zabytek.pl<\/p>\n\n\n\n<div style=\"height:100px\" aria-hidden=\"true\" class=\"wp-block-spacer\"><\/div>\n","protected":false},"excerpt":{"rendered":"<p>Dzieje najstarszej parafii w Pleszewie Historia Historia i opis ko\u015bcio\u0142a parafialnego Historia Pleszew wzmiankowany w&nbsp;1283&nbsp;r. jako miasto szlacheckie, powsta\u0142 przy wa\u017cnym trakcie z&nbsp;Poznania do Kalisza. Rezydencj\u0105 dla w\u0142a\u015bcicieli miasta by\u0142o s\u0105siednie Malinie. Pierwszy ko\u015bci\u00f3\u0142 powsta\u0142 prawdopodobnie razem z&nbsp;miastem. Pleszew nale\u017ca\u0142 do miasta \u015bredniej wielko\u015bci, gdy\u017c na wypraw\u0119 malborsk\u0105 w&nbsp;1458&nbsp;r. wystawi\u0142&nbsp;12 \u017co\u0142nierzy. Za Zborowskich w&nbsp;XVI&nbsp;w. osiedli\u0142a [&hellip;]<\/p>\n","protected":false},"author":2,"featured_media":0,"parent":0,"menu_order":0,"comment_status":"closed","ping_status":"closed","template":"","meta":{"footnotes":""},"class_list":["post-1222","page","type-page","status-publish","hentry"],"blocksy_meta":{"has_hero_section":"disabled","vertical_spacing_source":"custom","content_area_spacing":"none"},"_links":{"self":[{"href":"https:\/\/farapleszew.pl\/index.php?rest_route=\/wp\/v2\/pages\/1222","targetHints":{"allow":["GET"]}}],"collection":[{"href":"https:\/\/farapleszew.pl\/index.php?rest_route=\/wp\/v2\/pages"}],"about":[{"href":"https:\/\/farapleszew.pl\/index.php?rest_route=\/wp\/v2\/types\/page"}],"author":[{"embeddable":true,"href":"https:\/\/farapleszew.pl\/index.php?rest_route=\/wp\/v2\/users\/2"}],"replies":[{"embeddable":true,"href":"https:\/\/farapleszew.pl\/index.php?rest_route=%2Fwp%2Fv2%2Fcomments&post=1222"}],"version-history":[{"count":2,"href":"https:\/\/farapleszew.pl\/index.php?rest_route=\/wp\/v2\/pages\/1222\/revisions"}],"predecessor-version":[{"id":1669,"href":"https:\/\/farapleszew.pl\/index.php?rest_route=\/wp\/v2\/pages\/1222\/revisions\/1669"}],"wp:attachment":[{"href":"https:\/\/farapleszew.pl\/index.php?rest_route=%2Fwp%2Fv2%2Fmedia&parent=1222"}],"curies":[{"name":"wp","href":"https:\/\/api.w.org\/{rel}","templated":true}]}}