{"id":1184,"date":"2023-09-23T18:29:05","date_gmt":"2023-09-23T16:29:05","guid":{"rendered":"http:\/\/localhost\/fara-pleszew\/?page_id=1184"},"modified":"2026-03-29T12:44:14","modified_gmt":"2026-03-29T10:44:14","slug":"msze-sw","status":"publish","type":"page","link":"https:\/\/farapleszew.pl\/?page_id=1184","title":{"rendered":"Msze \u015bw."},"content":{"rendered":"\n<div class=\"wp-block-stackable-columns alignfull stk-block-columns stk-block stk-51b2b12 stk-block-background stk--has-background-overlay\" data-block-id=\"51b2b12\"><style>.stk-51b2b12 .stk--block-align-51b2b12{align-items:center !important;}.stk-51b2b12 {background-image:url(https:\/\/farapleszew.pl\/wp-content\/uploads\/2023\/10\/PLESZEW_PARAFIA-63.jpg) !important;background-attachment:fixed !important;background-position:center center !important;background-repeat:no-repeat !important;background-size:cover !important;padding-top:300px !important;padding-bottom:200px !important;margin-bottom:0px !important;}.stk-51b2b12:before{background-color:#000000 !important;opacity:0.6 !important;}.stk-51b2b12-column{--stk-column-gap:35px !important;row-gap:35px !important;}@media screen and (max-width:999px){.stk-51b2b12 {padding-top:250px !important;padding-bottom:150px !important;}}@media screen and (max-width:689px){.stk-51b2b12 {padding-top:150px !important;padding-bottom:100px !important;}}<\/style><div class=\"stk-row stk-inner-blocks stk--block-align-51b2b12 stk-block-content stk-content-align stk-51b2b12-column\">\n<div class=\"wp-block-stackable-column stk-block-column stk-column stk-block stk-3a43e6b\" data-v=\"4\" data-block-id=\"3a43e6b\"><style>.stk-3a43e6b-container{margin-top:0px !important;margin-right:0px !important;margin-bottom:0px !important;margin-left:0px !important;}<\/style><div class=\"stk-column-wrapper stk-block-column__content stk-container stk-3a43e6b-container stk--no-background stk--no-padding\"><div class=\"has-text-align-center-mobile stk-block-content stk-inner-blocks stk-3a43e6b-inner-blocks\">\n<div class=\"wp-block-stackable-heading stk-block-heading stk-block-heading--v2 stk-block stk-7225c59\" id=\"msze-sw\" data-block-id=\"7225c59\"><style>.stk-7225c59 {margin-bottom:10px !important;}.stk-7225c59 .stk-block-heading__text{font-size:45px !important;color:var(--theme-palette-color-8, #ffffff) !important;line-height:1.3em !important;font-weight:800 !important;}@media screen and (max-width:999px){.stk-7225c59 .stk-block-heading__text{font-size:40px !important;}}@media screen and (max-width:689px){.stk-7225c59 .stk-block-heading__text{font-size:30px !important;}}<\/style><h2 class=\"stk-block-heading__text has-text-color\">Msze \u015bw.<\/h2><\/div>\n\n\n\n<div class=\"wp-block-stackable-text stk-block-text stk-block stk-81505a5\" data-block-id=\"81505a5\"><style>.stk-81505a5 .stk-block-text__text{color:var(--theme-palette-color-8, #ffffff) !important;}<\/style><p class=\"stk-block-text__text has-text-color\">Plan porz\u0105dku Mszy \u015bw. w ko\u015bciele parafialnym parafii pw. \u015aci\u0119cia \u015bw. Jana Chrzciciela w Pleszewie.<\/p><\/div>\n<\/div><\/div><\/div>\n<\/div><\/div>\n\n\n\n<p><\/p>\n\n\n\n<!--more-->\n\n\n\n<div class=\"wp-block-stackable-columns stk-block-columns stk-block stk-a5f1b51\" data-block-id=\"a5f1b51\"><div class=\"stk-row stk-inner-blocks stk-block-content stk-content-align stk-a5f1b51-column\">\n<div class=\"wp-block-stackable-column stk-block-column stk-column stk-block stk-fbf6362\" data-v=\"4\" data-block-id=\"fbf6362\"><div class=\"stk-column-wrapper stk-block-column__content stk-container stk-fbf6362-container stk--no-background stk--no-padding\"><div class=\"stk-block-content stk-inner-blocks stk-fbf6362-inner-blocks\">\n<div class=\"wp-block-stackable-card stk-block-card stk-block stk-d8ea3e3 is-style-default-2\" data-v=\"2\" data-block-id=\"d8ea3e3\"><style>.stk-d8ea3e3 .stk-block-card__image{height:400px !important;}.stk-d8ea3e3 .stk-block-card__image img{object-position:65% 27% !important;}<\/style><div class=\"stk--no-padding stk-container stk-d8ea3e3-container stk-hover-parent\"><figure class=\"stk-block-card__image stk-img-wrapper stk-image--shape-stretch\"><img loading=\"lazy\" decoding=\"async\" class=\"stk-img wp-image-1399\" src=\"https:\/\/farapleszew.pl\/wp-content\/uploads\/2023\/10\/2023-009-30-odpust-059.jpg\" width=\"1200\" height=\"800\" srcset=\"https:\/\/farapleszew.pl\/wp-content\/uploads\/2023\/10\/2023-009-30-odpust-059.jpg 1200w, https:\/\/farapleszew.pl\/wp-content\/uploads\/2023\/10\/2023-009-30-odpust-059-300x200.jpg 300w, https:\/\/farapleszew.pl\/wp-content\/uploads\/2023\/10\/2023-009-30-odpust-059-1024x683.jpg 1024w, https:\/\/farapleszew.pl\/wp-content\/uploads\/2023\/10\/2023-009-30-odpust-059-768x512.jpg 768w\" sizes=\"auto, (max-width: 1200px) 100vw, 1200px\" \/><\/figure><div class=\"stk-container-padding stk-block-card__content\"><div class=\"stk-block-content stk-inner-blocks stk-d8ea3e3-inner-blocks\">\n<div class=\"wp-block-stackable-heading stk-block-heading stk-block-heading--v2 stk-block stk-1f32383\" id=\"niedziela\" data-block-id=\"1f32383\"><h2 class=\"stk-block-heading__text\">NIEDZIELA<\/h2><\/div>\n\n\n\n<div class=\"wp-block-stackable-text stk-block-text stk-block stk-c93a91e\" data-block-id=\"c93a91e\"><p class=\"stk-block-text__text\">\u2013 730<br>\u2013 9:30 <br>\u2013 11:00 &#8211; Msza \u015bw. z dzie\u0107mi<br>\u2013 12.15<br>\u2013 18:30 &#8211; Msza \u015bw., podczas kt\u00f3rej szukamy &#8222;klimatu&#8221;<\/p><\/div>\n\n\n\n<p>Msze wieczorne niedzielne od czerwca do ko\u0144ca sierpnia o godz. 20.<\/p>\n\n\n\n<div class=\"wp-block-stackable-columns alignfull stk-block-columns stk-block stk-7886ad6\" data-block-id=\"7886ad6\"><style>.stk-7886ad6 .stk--block-align-7886ad6{align-items:center !important;}<\/style><div class=\"stk-row stk-inner-blocks stk--block-align-7886ad6 stk-block-content stk-content-align stk-7886ad6-column alignfull\">\n<div class=\"wp-block-stackable-column stk-block-column stk-column stk-block stk-789e8d2\" data-v=\"4\" data-block-id=\"789e8d2\"><style>.stk-789e8d2-container{margin-top:0px !important;margin-right:0px !important;margin-bottom:0px !important;margin-left:0px !important;}<\/style><div class=\"stk-column-wrapper stk-block-column__content stk-container stk-789e8d2-container stk--no-background stk--no-padding\"><div class=\"stk-block-content stk-inner-blocks stk-789e8d2-inner-blocks\"><\/div><\/div><\/div>\n<\/div><\/div>\n<\/div><\/div><\/div><\/div>\n<\/div><\/div><\/div>\n\n\n\n<div class=\"wp-block-stackable-column stk-block-column stk-column stk-block stk-9e1b01e\" data-v=\"4\" data-block-id=\"9e1b01e\"><div class=\"stk-column-wrapper stk-block-column__content stk-container stk-9e1b01e-container stk--no-background stk--no-padding\"><div class=\"stk-block-content stk-inner-blocks stk-9e1b01e-inner-blocks\">\n<div class=\"wp-block-stackable-card stk-block-card stk-block stk-3808320 is-style-default-2\" data-v=\"2\" data-block-id=\"3808320\"><style>.stk-3808320 .stk-block-card__image{height:400px !important;}.stk-3808320 .stk-block-card__image img{object-position:65% 27% !important;}<\/style><div class=\"stk--no-padding stk-container stk-3808320-container stk-hover-parent\"><figure class=\"stk-block-card__image stk-img-wrapper stk-image--shape-stretch\"><img loading=\"lazy\" decoding=\"async\" class=\"stk-img wp-image-1406\" src=\"https:\/\/farapleszew.pl\/wp-content\/uploads\/2023\/10\/2023-009-30-odpust-066.jpg\" width=\"1200\" height=\"800\" srcset=\"https:\/\/farapleszew.pl\/wp-content\/uploads\/2023\/10\/2023-009-30-odpust-066.jpg 1200w, https:\/\/farapleszew.pl\/wp-content\/uploads\/2023\/10\/2023-009-30-odpust-066-300x200.jpg 300w, https:\/\/farapleszew.pl\/wp-content\/uploads\/2023\/10\/2023-009-30-odpust-066-1024x683.jpg 1024w, https:\/\/farapleszew.pl\/wp-content\/uploads\/2023\/10\/2023-009-30-odpust-066-768x512.jpg 768w\" sizes=\"auto, (max-width: 1200px) 100vw, 1200px\" \/><\/figure><div class=\"stk-container-padding stk-block-card__content\"><div class=\"stk-block-content stk-inner-blocks stk-3808320-inner-blocks\">\n<div class=\"wp-block-stackable-heading stk-block-heading stk-block-heading--v2 stk-block stk-555a448\" id=\"poniedzialek-sobota\" data-block-id=\"555a448\"><h2 class=\"stk-block-heading__text\">PONIEDZIA\u0141EK-SOBOTA<\/h2><\/div>\n\n\n\n<div class=\"wp-block-stackable-text stk-block-text stk-block stk-88715eb\" data-block-id=\"88715eb\"><p class=\"stk-block-text__text\">Od poniedzia\u0142ku do pi\u0105tku<\/p><\/div>\n\n\n\n<div class=\"wp-block-stackable-text stk-block-text stk-block stk-4f28853\" data-block-id=\"4f28853\"><p class=\"stk-block-text__text\">&#8211; 7:00, 17:30, 18:30<\/p><\/div>\n\n\n\n<div class=\"wp-block-stackable-text stk-block-text stk-block stk-0080088\" data-block-id=\"0080088\"><p class=\"stk-block-text__text\">Sobota<\/p><\/div>\n\n\n\n<div class=\"wp-block-stackable-text stk-block-text stk-block stk-992d23b\" data-block-id=\"992d23b\"><p class=\"stk-block-text__text\">\u2013 7:00;  8:00;  18.30<\/p><\/div>\n\n\n\n<div class=\"wp-block-stackable-columns alignfull stk-block-columns stk-block stk-6d6eb8e\" data-block-id=\"6d6eb8e\"><style>.stk-6d6eb8e .stk--block-align-6d6eb8e{align-items:center !important;}<\/style><div class=\"stk-row stk-inner-blocks stk--block-align-6d6eb8e stk-block-content stk-content-align stk-6d6eb8e-column alignfull\">\n<div class=\"wp-block-stackable-column stk-block-column stk-column stk-block stk-5dcad24\" data-v=\"4\" data-block-id=\"5dcad24\"><style>.stk-5dcad24-container{margin-top:0px !important;margin-right:0px !important;margin-bottom:0px !important;margin-left:0px !important;}<\/style><div class=\"stk-column-wrapper stk-block-column__content stk-container stk-5dcad24-container stk--no-background stk--no-padding\"><div class=\"stk-block-content stk-inner-blocks stk-5dcad24-inner-blocks\"><\/div><\/div><\/div>\n<\/div><\/div>\n<\/div><\/div><\/div><\/div>\n<\/div><\/div><\/div>\n<\/div><\/div>\n\n\n\n<p><\/p>\n","protected":false},"excerpt":{"rendered":"<p>Msze \u015bw. Plan porz\u0105dku Mszy \u015bw. w ko\u015bciele parafialnym parafii pw. \u015aci\u0119cia \u015bw. Jana Chrzciciela w Pleszewie.<\/p>\n","protected":false},"author":2,"featured_media":0,"parent":0,"menu_order":0,"comment_status":"closed","ping_status":"closed","template":"","meta":{"footnotes":""},"class_list":["post-1184","page","type-page","status-publish","hentry"],"blocksy_meta":{"vertical_spacing_source":"custom","content_area_spacing":"none","has_hero_section":"disabled"},"_links":{"self":[{"href":"https:\/\/farapleszew.pl\/index.php?rest_route=\/wp\/v2\/pages\/1184","targetHints":{"allow":["GET"]}}],"collection":[{"href":"https:\/\/farapleszew.pl\/index.php?rest_route=\/wp\/v2\/pages"}],"about":[{"href":"https:\/\/farapleszew.pl\/index.php?rest_route=\/wp\/v2\/types\/page"}],"author":[{"embeddable":true,"href":"https:\/\/farapleszew.pl\/index.php?rest_route=\/wp\/v2\/users\/2"}],"replies":[{"embeddable":true,"href":"https:\/\/farapleszew.pl\/index.php?rest_route=%2Fwp%2Fv2%2Fcomments&post=1184"}],"version-history":[{"count":8,"href":"https:\/\/farapleszew.pl\/index.php?rest_route=\/wp\/v2\/pages\/1184\/revisions"}],"predecessor-version":[{"id":2103,"href":"https:\/\/farapleszew.pl\/index.php?rest_route=\/wp\/v2\/pages\/1184\/revisions\/2103"}],"wp:attachment":[{"href":"https:\/\/farapleszew.pl\/index.php?rest_route=%2Fwp%2Fv2%2Fmedia&parent=1184"}],"curies":[{"name":"wp","href":"https:\/\/api.w.org\/{rel}","templated":true}]}}